{"id":3168,"date":"2016-10-30T17:43:55","date_gmt":"2016-10-30T17:43:55","guid":{"rendered":"http:\/\/caspr.ca\/staging\/?page_id=3168"},"modified":"2025-02-23T23:45:28","modified_gmt":"2025-02-24T04:45:28","slug":"helpful-links","status":"publish","type":"page","link":"https:\/\/caspr.ca\/staging\/public-resources\/helpful-links\/","title":{"rendered":"Helpful Links"},"content":{"rendered":"<div class=\"fusion-fullwidth fullwidth-box fusion-builder-row-1 fusion-flex-container nonhundred-percent-fullwidth non-hundred-percent-height-scrolling\" style=\"--awb-border-radius-top-left:0px;--awb-border-radius-top-right:0px;--awb-border-radius-bottom-right:0px;--awb-border-radius-bottom-left:0px;--awb-flex-wrap:wrap;\" ><div class=\"fusion-builder-row fusion-row fusion-flex-align-items-flex-start fusion-flex-content-wrap\" style=\"max-width:1248px;margin-left: calc(-4% \/ 2 );margin-right: calc(-4% \/ 2 );\"><div class=\"fusion-layout-column fusion_builder_column fusion-builder-column-0 fusion_builder_column_1_1 1_1 fusion-flex-column\" style=\"--awb-bg-size:cover;--awb-width-large:100%;--awb-margin-top-large:0px;--awb-spacing-right-large:1.92%;--awb-margin-bottom-large:0px;--awb-spacing-left-large:1.92%;--awb-width-medium:100%;--awb-spacing-right-medium:1.92%;--awb-spacing-left-medium:1.92%;--awb-width-small:100%;--awb-spacing-right-small:1.92%;--awb-spacing-left-small:1.92%;\"><div class=\"fusion-column-wrapper fusion-flex-justify-content-flex-start fusion-content-layout-column\"><div class=\"fusion-text fusion-text-1\"><h1>Helpful Links<\/h1>\n<\/div><\/div><\/div><div class=\"fusion-layout-column fusion_builder_column fusion-builder-column-1 fusion_builder_column_1_2 1_2 fusion-flex-column\" style=\"--awb-bg-size:cover;--awb-width-large:50%;--awb-margin-top-large:0px;--awb-spacing-right-large:3.84%;--awb-margin-bottom-large:0px;--awb-spacing-left-large:3.84%;--awb-width-medium:50%;--awb-spacing-right-medium:3.84%;--awb-spacing-left-medium:3.84%;--awb-width-small:100%;--awb-spacing-right-small:1.92%;--awb-spacing-left-small:1.92%;\"><div class=\"fusion-column-wrapper fusion-flex-justify-content-flex-start fusion-content-layout-column\"><div class=\"fusion-text fusion-text-2\"><h3>Colleges:<\/h3>\n<ul>\n<li><a href=\"http:\/\/www.cfpc.ca\/Home\/\" target=\"_blank\" rel=\"noopener\">College of Family Physicians of Canada<\/a><\/li>\n<li><a href=\"http:\/\/royalcollege.ca\/\" target=\"_blank\" rel=\"noopener\">Royal College of Physicians and Surgeons of Canada<\/a><\/li>\n<\/ul>\n<h3>Provincial colleges:<\/h3>\n<ul>\n<li><a href=\"https:\/\/www.cpsbc.ca\/\" target=\"_blank\" rel=\"noopener\">College of Physicians &amp; Surgeons of British Columbia<\/a><\/li>\n<li><a href=\"http:\/\/www.cpsa.ab.ca\/Homepage.aspx\" target=\"_blank\" rel=\"noopener\">College of Physicians &amp; Surgeons of Alberta<\/a><\/li>\n<li><a href=\"http:\/\/www.quadrant.net\/cpss\/index.html\" target=\"_blank\" rel=\"noopener\">College of Physicians &amp; Surgeons of Saskatchewan<\/a><\/li>\n<li><a href=\"http:\/\/www.cpsm.mb.ca\/\" target=\"_blank\" rel=\"noopener\">College of Physicians &amp; Surgeons of Manitoba<\/a><\/li>\n<li><a href=\"http:\/\/www.cpso.on.ca\/\" target=\"_blank\" rel=\"noopener\">College of Physicians &amp; Surgeons of Ontario<\/a><\/li>\n<li><a href=\"http:\/\/www.cmq.org\/\" target=\"_blank\" rel=\"noopener\">College des Medecins du Quebec-French<\/a><\/li>\n<li><a href=\"http:\/\/www.cmq.org\/en\/default.aspx\" target=\"_blank\" rel=\"noopener\">College of Physicians of Quebec-English<\/a><\/li>\n<li><a href=\"http:\/\/www.cpsnb.org\/\" target=\"_blank\" rel=\"noopener\">College of Physicians &amp; Surgeons of New Brunswick<\/a><\/li>\n<li><a href=\"http:\/\/www.cpsns.ns.ca\/\" target=\"_blank\" rel=\"noopener\">College of Physicians &amp; Surgeons of Nova Scotia<\/a><\/li>\n<li><a href=\"http:\/\/www.cpspei.ca\/\" target=\"_blank\" rel=\"noopener\">College of Physicians &amp; Surgeons of Prince Edward Island<\/a><\/li>\n<li><a href=\"https:\/\/www.cpsnl.ca\/web\/cpsnl\">College of Physicians &amp; Surgeons of Newfoundland and Labrador<\/a><\/li>\n<li><a href=\"http:\/\/www.hss.gov.nt.ca\/\" target=\"_blank\" rel=\"noopener\">Government of the Northwest Territories<\/a><\/li>\n<li><a href=\"http:\/\/www.yukonmedicalcouncil.ca\/\" target=\"_blank\" rel=\"noopener\">Yukon Medical Council<\/a><\/li>\n<\/ul>\n<h3>Friends and affiliates:<\/h3>\n<ul>\n<li><a href=\"http:\/\/www.aspr.org\/\" target=\"_blank\" rel=\"noopener\">Association of Staff Physician Recruiters<\/a><\/li>\n<li><a href=\"http:\/\/www.touchstoneinstitute.ca\/\">Centre for the Evaluation of Health Professionals Educated Abroad\u00a0 to\u00a0 Touchstone Institute<\/a><\/li>\n<li><a href=\"http:\/\/www.cicic.ca\/en\/professions.aspx?sortcode=2.19.21&amp;prof=3112\" target=\"_blank\" rel=\"noopener\">Canadian Information Centre for International Medical Graduates<\/a><\/li>\n<li><a href=\"http:\/\/www.cihi.ca\/\" target=\"_blank\" rel=\"noopener\">Canadian Institute for Health Information<\/a><\/li>\n<li><a href=\"http:\/\/www.caper.ca\/\" target=\"_blank\" rel=\"noopener\">Canadian Post-M.D. Education Registry<\/a><\/li>\n<li><a href=\"http:\/\/www.carms.ca\/\" target=\"_blank\" rel=\"noopener\">Canadian Resident Matching Service<\/a><\/li>\n<li><a href=\"http:\/\/www.cehpea.ca\/\" target=\"_blank\" rel=\"noopener\">Centre for the Evaluation of Health Professionals Educated Abroad<\/a><\/li>\n<li><a href=\"http:\/\/www.cic.gc.ca\/\" target=\"_blank\" rel=\"noopener\">Citizenship and Immigration Canada<\/a><\/li>\n<li><a href=\"http:\/\/www.hrsdc.gc.ca\/\" target=\"_blank\" rel=\"noopener\">Human Resources and Skills Development Canada<\/a><\/li>\n<li><a href=\"http:\/\/www.mcc.ca\/\" target=\"_blank\" rel=\"noopener\">Medical Council of Canada<\/a><\/li>\n<li><a href=\"http:\/\/www.physiciansapply.ca\/\" target=\"_blank\" rel=\"noopener\">Physicians Credentials Registry of Canada<\/a><\/li>\n<\/ul>\n<h3>Medical associations:<\/h3>\n<ul>\n<li><a href=\"https:\/\/caspr.ca\/staging\/public-resources\/associations\/\">Click here to access a list of all the Canadian medical associations by specialty.<\/a><\/li>\n<\/ul>\n<\/div><\/div><\/div><div class=\"fusion-layout-column fusion_builder_column fusion-builder-column-2 fusion_builder_column_1_2 1_2 fusion-flex-column\" style=\"--awb-bg-size:cover;--awb-width-large:50%;--awb-margin-top-large:0px;--awb-spacing-right-large:3.84%;--awb-margin-bottom-large:0px;--awb-spacing-left-large:3.84%;--awb-width-medium:50%;--awb-spacing-right-medium:3.84%;--awb-spacing-left-medium:3.84%;--awb-width-small:100%;--awb-spacing-right-small:1.92%;--awb-spacing-left-small:1.92%;\"><div class=\"fusion-column-wrapper fusion-flex-justify-content-flex-start fusion-content-layout-column\"><div class=\"fusion-text fusion-text-3\"><h3>Provincial resources:<\/h3>\n<h4>Alberta<\/h4>\n<ul>\n<li><a href=\"http:\/\/www.rpap.ab.ca\" target=\"_blank\" rel=\"noopener\">Alberta Rural Physician Action Plan<\/a><\/li>\n<li><a href=\"http:\/\/www.albertaphysicianlink.ab.ca\" target=\"_blank\" rel=\"noopener\">Alberta Physician Link<\/a><\/li>\n<\/ul>\n<h4>British Columbia<\/h4>\n<ul>\n<li><a href=\"http:\/\/www.healthmatchbc.org\" target=\"_blank\" rel=\"noopener\">Health Match BC<\/a><\/li>\n<\/ul>\n<h4>Manitoba<\/h4>\n<ul>\n<li><a href=\"http:\/\/www.healthemployment.ca\" target=\"_blank\" rel=\"noopener\">Health Employment Manitoba<\/a><br \/>\n<a href=\"http:\/\/www.ornh.mb.ca\" target=\"_blank\" rel=\"noopener\">Manitoba\u2019s Office of Rural &amp; Northern Health<\/a><\/li>\n<\/ul>\n<h4>New Brunswick<\/h4>\n<ul>\n<li><a href=\"http:\/\/www2.gnb.ca\" target=\"_blank\" rel=\"noopener\">Careers in Health Care<\/a><\/li>\n<\/ul>\n<h4>Newfoundland &amp; Labrador<\/h4>\n<ul>\n<li><a href=\"http:\/\/www.practicenl.ca\" target=\"_blank\" rel=\"noopener\">Practice Newfoundland Labrador<\/a><\/li>\n<\/ul>\n<h4>Northwest Territories<\/h4>\n<ul>\n<li><a href=\"http:\/\/www.practicenorth.ca\" target=\"_blank\" rel=\"noopener\">Practice North<\/a><\/li>\n<\/ul>\n<h4>Nova Scotia<\/h4>\n<ul>\n<li><a href=\"http:\/\/physicians.novascotia.ca\/\" target=\"_blank\" rel=\"noopener\">Physicians Nova Scotia<\/a><\/li>\n<\/ul>\n<h4>Nunavut<\/h4>\n<ul>\n<li><a href=\"http:\/\/www.nunavut-physicians.gov.nu.ca\" target=\"_blank\" rel=\"noopener\">Nunavut Department of Health Social Services<\/a><\/li>\n<\/ul>\n<h4>Ontario<\/h4>\n<ul>\n<li><a href=\"http:\/\/www.healthforceontario.ca\" target=\"_blank\" rel=\"noopener\">HealthForceOntario<\/a><\/li>\n<\/ul>\n<h4>Prince Edward Island<\/h4>\n<ul>\n<li><a href=\"http:\/\/www.healthjobspei.ca\" target=\"_blank\" rel=\"noopener\">Health Jobs PEI<\/a><\/li>\n<\/ul>\n<h4>Quebec<\/h4>\n<ul>\n<li><a href=\"http:\/\/www.fmrq.qc.ca\" target=\"_blank\" rel=\"noopener\">F\u00e9d\u00e9ration des m\u00e9decins r\u00e9sidents du Qu\u00e9bec<\/a><\/li>\n<\/ul>\n<h4>Saskatchewan<\/h4>\n<ul>\n<li><a href=\"http:\/\/www.saskdocs.ca\" target=\"_blank\" rel=\"noopener\">saskdocs<\/a><\/li>\n<\/ul>\n<h4>Yukon<\/h4>\n<ul>\n<li><a href=\"http:\/\/www.yukonmd.ca\" target=\"_blank\" rel=\"noopener\">Yukon MD<\/a><\/li>\n<\/ul>\n<p><strong>Colleges:<\/strong><\/p>\n<ul>\n<li><a href=\"http:\/\/royalcollege.ca\/\" target=\"_blank\" rel=\"noopener\">Royal College of Physicians &amp; Surgeons of Canada<\/a><\/li>\n<li><a href=\"http:\/\/www.cfpc.ca\/Home\/\" target=\"_blank\" rel=\"noopener\">College of Family Physicians of Canada<\/a><\/li>\n<\/ul>\n<p><strong>Residency:<\/strong><\/p>\n<ul>\n<li><a href=\"http:\/\/www.carms.ca\/\" target=\"_blank\" rel=\"noopener\">Canadian Residency Matching Service<\/a><\/li>\n<\/ul>\n<p><strong>Job Search Assistance:<\/strong><\/p>\n<ul>\n<li><a href=\"http:\/\/www.hfojobs.ca\/\" target=\"_blank\" rel=\"noopener\">HFO Jobs<\/a><\/li>\n<li><a href=\"http:\/\/www.healthforceontario.ca\/\" target=\"_blank\" rel=\"noopener\">HealthForceOntario Marketing &amp; Recruitment Agency<\/a><\/li>\n<li><a href=\"http:\/\/www.healthmatchbc.org\/\" target=\"_blank\" rel=\"noopener\">Health Match BC<\/a><\/li>\n<li><a href=\"http:\/\/www.albertaphysicianlink.ab.ca\/\" target=\"_blank\" rel=\"noopener\">Alberta Physician Link<\/a><\/li>\n<li><a href=\"http:\/\/www.saskdocs.ca\/\" target=\"_blank\" rel=\"noopener\">saskdocs<\/a><\/li>\n<li><a href=\"http:\/\/www.yukonmd.ca\/\" target=\"_blank\" rel=\"noopener\">Yukon MD<\/a><\/li>\n<li><a href=\"http:\/\/www.doctorjobsalberta.com\/\" target=\"_blank\" rel=\"noopener\">DoctorJobsAlberta<\/a><\/li>\n<\/ul>\n<\/div><\/div><\/div><\/div><\/div>\n","protected":false},"excerpt":{"rendered":"","protected":false},"author":582,"featured_media":0,"parent":3123,"menu_order":12,"comment_status":"closed","ping_status":"closed","template":"","meta":{"pmpro_default_level":"","footnotes":""},"class_list":["post-3168","page","type-page","status-publish","hentry","pmpro-has-access"],"_links":{"self":[{"href":"https:\/\/caspr.ca\/staging\/wp-json\/wp\/v2\/pages\/3168","targetHints":{"allow":["GET"]}}],"collection":[{"href":"https:\/\/caspr.ca\/staging\/wp-json\/wp\/v2\/pages"}],"about":[{"href":"https:\/\/caspr.ca\/staging\/wp-json\/wp\/v2\/types\/page"}],"author":[{"embeddable":true,"href":"https:\/\/caspr.ca\/staging\/wp-json\/wp\/v2\/users\/582"}],"replies":[{"embeddable":true,"href":"https:\/\/caspr.ca\/staging\/wp-json\/wp\/v2\/comments?post=3168"}],"version-history":[{"count":4,"href":"https:\/\/caspr.ca\/staging\/wp-json\/wp\/v2\/pages\/3168\/revisions"}],"predecessor-version":[{"id":6779,"href":"https:\/\/caspr.ca\/staging\/wp-json\/wp\/v2\/pages\/3168\/revisions\/6779"}],"up":[{"embeddable":true,"href":"https:\/\/caspr.ca\/staging\/wp-json\/wp\/v2\/pages\/3123"}],"wp:attachment":[{"href":"https:\/\/caspr.ca\/staging\/wp-json\/wp\/v2\/media?parent=3168"}],"curies":[{"name":"wp","href":"https:\/\/api.w.org\/{rel}","templated":true}]}}